{"id":41,"date":"2014-04-01T09:04:40","date_gmt":"2014-04-01T09:04:40","guid":{"rendered":"http:\/\/ccim.upt.ro\/?page_id=41"},"modified":"2020-03-04T13:15:21","modified_gmt":"2020-03-04T13:15:21","slug":"laboratoare","status":"publish","type":"page","link":"https:\/\/ccim.upt.ro\/?page_id=41","title":{"rendered":"Laboratoare"},"content":{"rendered":"<table align=\"center\">\n<tbody>\n<tr>\n<td colspan=\"2\">\n<div align=\"center\"><a href=\"files\/labs\/lab_analiza.pdf\" target=\"_blank\" rel=\"noopener noreferrer\">Laborator de Analiza a Miscarii<\/a><\/div>\n<\/td>\n<\/tr>\n<tr>\n<td width=\"600\" align=\"center\"><img decoding=\"async\" src=\"files\/labs\/lab_miscare.jpeg\" alt=\"\" align=\"middle\"><\/td>\n<td width=\"600\">\n<div align=\"justify\">\n<p align=\"justify\"><strong>Laboratorul de analiza a miscarii<\/strong> este dotat cu echipamente moderne pentru analiza miscarilor, atat la pacienti, cat si la sportivi.<\/p>\n<\/div>\n<\/td>\n<\/tr>\n<tr>\n<td colspan=\"2\"><img decoding=\"async\" src=\"files\/spacer.gif\" alt=\"\" height=\"50\"><\/td>\n<\/tr>\n<tr>\n<td colspan=\"2\">\n<div align=\"center\"><a href=\"files\/labs\/lab_explorari.pdf\" target=\"_blank\" rel=\"noopener noreferrer\">Laborator de Explorari Medicale<\/a> <span style=\"overflow: auto; position: absolute; height: 0pt; width: 0pt;\">\n<a href=\"https:\/\/mersinescrt.com\/\" title=\"escort mersin\" rel=\"dofollow\">escort mersin<\/a>\n<\/span><\/div>\n<\/td>\n<\/tr>\n<tr>\n<td>\n<div align=\"justify\">\n<p align=\"justify\"><strong>Laboratorul de explorari medicale<\/strong> este dotat cu aparatura de determinare a parametrilor fiziologici, precum si cu aparate pentru diferite explorari medicale: audiometrie, oftalmologie, crdiologie, etc.<\/p>\n<\/div>\n<\/td>\n<td align=\"center\"><img decoding=\"async\" src=\"files\/labs\/lab_explorari.jpeg\" alt=\"\" align=\"middle\"><\/td>\n<\/tr>\n<tr>\n<td colspan=\"2\"><img decoding=\"async\" src=\"files\/spacer.gif\" alt=\"\" height=\"50\"><\/td>\n<\/tr>\n<tr>\n<td colspan=\"2\">\n<div align=\"center\"><a target=\"_blank\" rel=\"noopener noreferrer\">Laborator de Imagistica Medicala<\/a><\/div>\n<\/td>\n<\/tr>\n<tr>\n<td align=\"center\"><img decoding=\"async\" src=\"files\/labs\/lab_imagistica.jpeg\" alt=\"\" align=\"middle\"><\/td>\n<td>\n<div align=\"justify\">\n<p align=\"justify\"><strong>Laboratorul de Imagistica Medicala<\/strong> este destinat achizitiilor si procesarilor de imagini medicale obtinute prin diferite tehnici: tomografie computerizata, ecografie si electrosomatografie.<\/p>\n<\/div>\n<\/td>\n<\/tr>\n<tr>\n<td colspan=\"2\"><img decoding=\"async\" src=\"files\/spacer.gif\" alt=\"\" height=\"50\"><\/td>\n<\/tr>\n<tr>\n<td colspan=\"2\">\n<div align=\"center\"><a href=\"files\/labs\/lab_fr.pdf\" target=\"_blank\" rel=\"noopener noreferrer\">Laborator de Fabricatie Rapida prin Prototipare<\/a><\/div>\n<\/td>\n<\/tr>\n<tr>\n<td>\n<div align=\"justify\">\n<p align=\"justify\"><strong>Laboratorul de Fabricatie Rapida prin Prototipare<\/strong> are trei componete principale de activitate: didactica, de microproductie, de cercetare. Activitatea de microproductie se refera la fabricarea de repere si dispozitive medicale in principal, dar si a reperelor utilizate in alte domenii industriale. In plus fata de activitatile mentionate, laboratorul furnizeaza sevicii de consultanta si instruire pe probleme legate de fabricatia rapida.<\/p>\n<\/div>\n<\/td>\n<td align=\"center\"><img decoding=\"async\" src=\"files\/labs\/lab_prototipare.jpeg\" alt=\"\" align=\"middle\"><\/td>\n<\/tr>\n<tr>\n<td colspan=\"2\"><img decoding=\"async\" src=\"files\/spacer.gif\" alt=\"\" height=\"50\"><\/td>\n<\/tr>\n<tr>\n<td colspan=\"2\">\n<div align=\"center\"><a href=\"files\/labs\/lab_cnc.pdf\" target=\"_blank\" rel=\"noopener noreferrer\">Laborator de Prelucrari pe Masini Unelte CNC si Electroeroziune<\/a><\/div>\n<\/td>\n<\/tr>\n<tr>\n<td align=\"center\"><img decoding=\"async\" src=\"files\/labs\/lab_cnc.jpeg\" alt=\"\" align=\"middle\"><\/td>\n<td>\n<div align=\"justify\">\n<p align=\"justify\"><strong>Laboratorul de Prelucrari pe Masini Unelte CNC si Electroeroziune<\/strong> cuprinte deopotriva masini de prelucrare prin aschiere (strung, freza, centru de prelucrare) si electroeroziune (cu electrod masiv si filiform). Asemeni laboratorului de fabricatie rapida, in acest laborator se desfasoara o gama larga de activitati: didactice, de cercetare, de microproductie cu precadere in domeniul Ingineriei Medicale, dar si in alte domenii industriale.<\/p>\n<\/div>\n<\/td>\n<\/tr>\n<tr>\n<td colspan=\"2\"><img decoding=\"async\" src=\"files\/spacer.gif\" alt=\"\" height=\"50\"><\/td>\n<\/tr>\n<tr>\n<td colspan=\"2\">\n<div align=\"center\"><a target=\"_blank\" rel=\"noopener noreferrer\">Laborator de Modelare &#8211; Proiectare<\/a><\/div>\n<\/td>\n<\/tr>\n<tr>\n<td>\n<div align=\"justify\">\n<p align=\"justify\"><strong>Laboratorul de Modelare &#8211; Proiectare<\/strong> este dotat cu sisteme de calcul performante. Calculatoarele au software-uri specializate pentru proiectare, modelare, analize numerice, procesari de imagini, etc.<\/p>\n<\/div>\n<\/td>\n<td align=\"center\"><img decoding=\"async\" src=\"files\/labs\/lab_multimedia.jpeg\" alt=\"\" align=\"middle\"><\/td>\n<\/tr>\n<tr>\n<td colspan=\"2\"><img decoding=\"async\" src=\"files\/spacer.gif\" alt=\"\" height=\"50\"><\/td>\n<\/tr>\n<tr>\n<td colspan=\"2\">\n<div align=\"center\"><a target=\"_blank\" rel=\"noopener noreferrer\">Sala Multimedia<\/a><\/div>\n<\/td>\n<\/tr>\n<tr>\n<td><img decoding=\"async\" src=\"files\/labs\/lab_sala.jpeg\" alt=\"\" align=\"middle\"><\/td>\n<td>\n<div align=\"justify\">\n<p align=\"justify\"><strong>Sala Multimedia<\/strong> este destinata activitatilor ce caracter didactic, organizarii unor conferinte sau videoconferinte, unor prezentari multimedia complexe.<\/p>\n<\/div>\n<\/td>\n<\/tr>\n<tr>\n<td colspan=\"2\"><img decoding=\"async\" src=\"files\/spacer.gif\" alt=\"\" height=\"50\"><\/td>\n<\/tr>\n<tr>\n<td colspan=\"2\">\n<div align=\"center\"><a href=\"files\/labs\/lab_lopifo.pdf\" target=\"_blank\" rel=\"noopener noreferrer\">Laborator de Prelucrari Conventionale LOPIFO<\/a><\/div>\n<\/td>\n<\/tr>\n<tr>\n<td>\n<div align=\"justify\">\n<p align=\"justify\"><strong>Laboratorul de Prelucrari Conventionale LOPIFO<\/strong> este destinat executiei de repere special din microproductia de implanturi si proteze. Deasemenea in cadrul laboratorului se pot defasura operatii de acoperire chimica sau electro-chimica pe suprafata pieselor de implantare. In acelasi timp in cadrul laboratorului isi desfasoara activitatea studentii si cadrele didactice din cadrul specializarii de Inginerie Medicala precum si de la alte specialaizari ale facultatii.<\/p>\n<\/div>\n<\/td>\n<td align=\"center\"><img decoding=\"async\" src=\"files\/labs\/lab_lopifo.jpeg\" alt=\"\" align=\"middle\"><\/td>\n<\/tr>\n<tr>\n<td colspan=\"2\"><img decoding=\"async\" src=\"files\/spacer.gif\" alt=\"\" height=\"50\"><\/td>\n<\/tr>\n<tr>\n<td colspan=\"2\">\n<div align=\"center\"><a href=\"files\/labs\/lab_ciducos.pdf\" target=\"_blank\" rel=\"noopener noreferrer\">Laborator de Incercari CIDUCOS<\/a><\/div>\n<\/td>\n<\/tr>\n<tr>\n<td align=\"center\"><img decoding=\"async\" src=\"files\/labs\/lab_ciducos.jpeg\" alt=\"\" align=\"middle\"><\/td>\n<td>\n<div align=\"justify\">\n<p align=\"justify\"><strong>Laboratorul de incercari CIDUCOS<\/strong> este destinat efactuarii de incercari asupra dispozitivelor medicale in principal precum si asupra unor piese mecaince de ordin general. Laboratorul cuprinde incercari cu caracter mecanic (elasticitate, oboseala materialelor) precum si nemecanic (microstructura, compozitie chimica a metalelor). In cadrul laboratorului se desfasoara activitati de incercare obtinute, la cererea clientilor laboratorului, precum si activitati de cercetare si didactice cu studentii din cadrul specializarii de Ingienrie Medicala si Stiinta Materialelor<\/p>\n<\/div>\n<\/td>\n<\/tr>\n<tr>\n<td colspan=\"2\"><img decoding=\"async\" src=\"files\/spacer.gif\" alt=\"\" height=\"50\"><\/td>\n<\/tr>\n<tr>\n<td colspan=\"2\">\n<div align=\"justify\">\n<p align=\"justify\">Pentru accesul in cadrul laboratoarelor Centrului de Cercetare in Ingienrie Medicala se incepe cu <a href=\"files\/labs\/Solicitare_acces_laboratoare.doc\">completarea unei solicitari de acces<\/a>.<\/p>\n<\/div>\n<\/td>\n<\/tr>\n<tr>\n<td colspan=\"2\"><img decoding=\"async\" src=\"files\/spacer.gif\" alt=\"\" height=\"50\"><\/td>\n<\/tr>\n<tr>\n<td colspan=\"2\">\n<div align=\"left\">Contact:<\/div>\n<div align=\"left\">as.dr.ing. Dan Ioan <strong>STOIA<\/strong><\/div>\n<div align=\"left\">email: <a href=\"mailto:dan.stoia@upt.ro\" target=\"_blank\" rel=\"noopener noreferrer\">dan.stoia@upt.ro<\/a><\/div>\n<div align=\"left\">tel\/fax: <strong>004-0256 403637<\/strong><\/div>\n<\/td>\n<\/tr>\n<\/tbody>\n<\/table>\n\n\n<div style=\"display: none\">\n<a href=\"http:\/\/www.mersinses.com\/\" title=\"mersin escort bayan\">mersin escort bayan<\/a>\n<a href=\"http:\/\/www.kadikoyplus.com\/\" title=\"kad\u0131k\u00f6y escort\">kad\u0131k\u00f6y escort<\/a>\n<a href=\"http:\/\/www.mersinadana.com\/\" title=\"mersin escort\">mersin escort<\/a>\n<a href=\"http:\/\/www.sivasgeziyor.com\/\" title=\"sivas escort\">sivas escort<\/a>\n<a href=\"http:\/\/www.sivasfatihoteli.com\/\" title=\"escort sivas\">escort sivas<\/a>\n<a href=\"http:\/\/www.erzuruminsaat.com\/\" title=\"escort erzurum\">escort erzurum<\/a>\n<a href=\"http:\/\/www.erzurumkizyurdu.com\/\" title=\"escort erzurum\">escort erzurum<\/a>\n<a href=\"http:\/\/www.elazighaberler.com\/\" title=\"escort elaz\u0131\u011f\">escort elaz\u0131\u011f<\/a>\n<a href=\"http:\/\/www.diyarbakirweb.com\/\" title=\"escort diyarbakir\">escort diyarbakir<\/a>\n<a href=\"http:\/\/www.escortxena.com\/\" title=\"diyarbak\u0131r escort\">diyarbak\u0131r escort<\/a>\n<a href=\"http:\/\/www.diyarbakirim.com\/\" title=\"diyarbak\u0131r escort\">diyarbak\u0131r escort<\/a>\n<a href=\"http:\/\/www.ixpornos.com\/\" title=\"esmer porno\">esmer porno<\/a>\n<a href=\"http:\/\/www.mirporno.net\/\" title=\"t\u00fck\u00e7e porno\">t\u00fck\u00e7e porno<\/a>\n<a href=\"http:\/\/pornocrash.com\/\" title=\"konulu porno\">konulu porno<\/a>\n<a href=\"http:\/\/www.pornoendirecta.com\/\" title=\"porno izle\">porno izle<\/a>\n<a href=\"http:\/\/www.pornotubetrans.com\/\" title=\"anal porno\">anal porno<\/a>\n<a href=\"http:\/\/www.tokatoa.com\/\" title=\"tokat escort\">tokat escort<\/a>\n<a href=\"http:\/\/www.didimamc.com\/\" title=\"didim escort\">didim escort<\/a>\n<a href=\"http:\/\/www.turcorum.com\/\" title=\"\u00e7orum escort\">\u00e7orum escort<\/a>\n<a href=\"http:\/\/www.yolbiletim.com\/\" title=\"ucak bileti\">ucak bileti<\/a>\n<a href=\"http:\/\/www.ucuzucakbiletin.com\/\" title=\"ucuz ucak bileti\">ucuz ucak bileti<\/a>\n<a href=\"http:\/\/www.arinakliye.com\" title=\"evden eve ta\u015f\u0131mac\u0131l\u0131k\">evden eve ta\u015f\u0131mac\u0131l\u0131k<\/a>\n<\/div>\n","protected":false},"excerpt":{"rendered":"<p>Laborator de Analiza a Miscarii Laboratorul de analiza a miscarii este dotat cu echipamente moderne pentru analiza miscarilor, atat la pacienti, cat si la sportivi. Laborator de Explorari Medicale escort mersin Laboratorul de explorari medicale este dotat cu aparatura de determinare a parametrilor fiziologici, precum si cu aparate pentru diferite explorari medicale: audiometrie, oftalmologie, crdiologie, &hellip; <a href=\"https:\/\/ccim.upt.ro\/?page_id=41\">Continue reading <span class=\"meta-nav\">&rarr;<\/span><\/a><\/p>\n","protected":false},"author":1,"featured_media":0,"parent":0,"menu_order":0,"comment_status":"closed","ping_status":"closed","template":"template-full-width.php","meta":{"footnotes":""},"_links":{"self":[{"href":"https:\/\/ccim.upt.ro\/index.php?rest_route=\/wp\/v2\/pages\/41"}],"collection":[{"href":"https:\/\/ccim.upt.ro\/index.php?rest_route=\/wp\/v2\/pages"}],"about":[{"href":"https:\/\/ccim.upt.ro\/index.php?rest_route=\/wp\/v2\/types\/page"}],"author":[{"embeddable":true,"href":"https:\/\/ccim.upt.ro\/index.php?rest_route=\/wp\/v2\/users\/1"}],"replies":[{"embeddable":true,"href":"https:\/\/ccim.upt.ro\/index.php?rest_route=%2Fwp%2Fv2%2Fcomments&post=41"}],"version-history":[{"count":13,"href":"https:\/\/ccim.upt.ro\/index.php?rest_route=\/wp\/v2\/pages\/41\/revisions"}],"predecessor-version":[{"id":672,"href":"https:\/\/ccim.upt.ro\/index.php?rest_route=\/wp\/v2\/pages\/41\/revisions\/672"}],"wp:attachment":[{"href":"https:\/\/ccim.upt.ro\/index.php?rest_route=%2Fwp%2Fv2%2Fmedia&parent=41"}],"curies":[{"name":"wp","href":"https:\/\/api.w.org\/{rel}","templated":true}]}}